{"id":25255,"date":"2023-03-01T09:41:49","date_gmt":"2023-03-01T09:41:49","guid":{"rendered":"https:\/\/akbakimya.com.tr\/?post_type=product&#038;p=25255"},"modified":"2026-01-06T06:09:14","modified_gmt":"2026-01-06T06:09:14","slug":"ultra-mavi-su-toilet-treatment-atik-tanki-kimyasali","status":"publish","type":"product","link":"https:\/\/akbakimya.com.tr\/en\/product\/ultra-mavi-su-toilet-treatment-atik-tanki-kimyasali\/","title":{"rendered":"AKBA  Mavi Su  ( At\u0131k Tank\u0131 Kimyasal\u0131)"},"content":{"rendered":"","protected":false},"excerpt":{"rendered":"<p><a href=\"https:\/\/akbakimya.com.tr\/wp-content\/uploads\/2023\/03\/AKBA-ULTRA-MAVI-SU-TOILET-TREATMENT-TDS.pdf\">View PDF <\/a><img decoding=\"async\" class=\"alignnone size-medium wp-image-25858\" src=\"https:\/\/akbakimya.com.tr\/wp-content\/uploads\/2023\/03\/pdf-300x300.png\" alt=\"\" width=\"30\" height=\"30\" \/> | <a href=\"https:\/\/akbakimya.com.tr\/wp-content\/uploads\/2023\/03\/MARINE-KATALOG-1.pdf\" target=\"blank\" rel=\"noopener\">View Catalog<\/a><img decoding=\"async\" class=\"alignnone size-medium wp-image-25858\" src=\"https:\/\/akbakimya.com.tr\/wp-content\/uploads\/2023\/03\/pdf-300x300.png\" alt=\"\" width=\"30\" height=\"30\" \/><\/p>","protected":false},"featured_media":26020,"comment_status":"open","ping_status":"closed","template":"","meta":[],"product_brand":[],"product_cat":[223],"product_tag":[],"class_list":{"0":"post-25255","1":"product","2":"type-product","3":"status-publish","4":"has-post-thumbnail","6":"product_cat-yat-karavan-mavi-su","8":"first","9":"instock","10":"taxable","11":"shipping-taxable","12":"purchasable","13":"product-type-variable"},"yoast_head":"<!-- This site is optimized with the Yoast SEO plugin v26.1.1 - https:\/\/yoast.com\/wordpress\/plugins\/seo\/ -->\n<title>AKBA Mavi Su ( At\u0131k Tank\u0131 Kimyasal\u0131) - AKBA<\/title>\n<meta name=\"robots\" content=\"index, follow, max-snippet:-1, max-image-preview:large, max-video-preview:-1\" \/>\n<link rel=\"canonical\" href=\"https:\/\/akbakimya.com.tr\/en\/product\/ultra-mavi-su-toilet-treatment-atik-tanki-kimyasali\/\" \/>\n<meta property=\"og:locale\" content=\"en_US\" \/>\n<meta property=\"og:type\" content=\"article\" \/>\n<meta property=\"og:title\" content=\"AKBA Mavi Su ( At\u0131k Tank\u0131 Kimyasal\u0131) - AKBA\" \/>\n<meta property=\"og:description\" content=\"PDF G\u00f6r\u00fcnt\u00fcle | Katalog G\u00f6r\u00fcnt\u00fcle\" \/>\n<meta property=\"og:url\" content=\"https:\/\/akbakimya.com.tr\/en\/product\/ultra-mavi-su-toilet-treatment-atik-tanki-kimyasali\/\" \/>\n<meta property=\"og:site_name\" content=\"AKBA\" \/>\n<meta property=\"article:modified_time\" content=\"2026-01-06T06:09:14+00:00\" \/>\n<meta property=\"og:image\" content=\"https:\/\/akbakimya.com.tr\/wp-content\/uploads\/2023\/03\/AKBA-MAVI\u2560c-SU-U\u2560eRU\u2560eN-FOTO-1.jpg\" \/>\n\t<meta property=\"og:image:width\" content=\"1080\" \/>\n\t<meta property=\"og:image:height\" content=\"1080\" \/>\n\t<meta property=\"og:image:type\" content=\"image\/jpeg\" \/>\n<meta name=\"twitter:card\" content=\"summary_large_image\" \/>\n<script type=\"application\/ld+json\" class=\"yoast-schema-graph\">{\"@context\":\"https:\/\/schema.org\",\"@graph\":[{\"@type\":\"WebPage\",\"@id\":\"https:\/\/akbakimya.com.tr\/urun\/ultra-mavi-su-toilet-treatment-atik-tanki-kimyasali\/\",\"url\":\"https:\/\/akbakimya.com.tr\/urun\/ultra-mavi-su-toilet-treatment-atik-tanki-kimyasali\/\",\"name\":\"AKBA Mavi Su ( At\u0131k Tank\u0131 Kimyasal\u0131) - AKBA\",\"isPartOf\":{\"@id\":\"https:\/\/akbakimya.com.tr\/#website\"},\"primaryImageOfPage\":{\"@id\":\"https:\/\/akbakimya.com.tr\/urun\/ultra-mavi-su-toilet-treatment-atik-tanki-kimyasali\/#primaryimage\"},\"image\":{\"@id\":\"https:\/\/akbakimya.com.tr\/urun\/ultra-mavi-su-toilet-treatment-atik-tanki-kimyasali\/#primaryimage\"},\"thumbnailUrl\":\"https:\/\/akbakimya.com.tr\/wp-content\/uploads\/2023\/03\/AKBA-MAVI\u2560c-SU-U\u2560eRU\u2560eN-FOTO-1.jpg\",\"datePublished\":\"2023-03-01T09:41:49+00:00\",\"dateModified\":\"2026-01-06T06:09:14+00:00\",\"breadcrumb\":{\"@id\":\"https:\/\/akbakimya.com.tr\/urun\/ultra-mavi-su-toilet-treatment-atik-tanki-kimyasali\/#breadcrumb\"},\"inLanguage\":\"en-US\",\"potentialAction\":[{\"@type\":\"ReadAction\",\"target\":[\"https:\/\/akbakimya.com.tr\/urun\/ultra-mavi-su-toilet-treatment-atik-tanki-kimyasali\/\"]}]},{\"@type\":\"ImageObject\",\"inLanguage\":\"en-US\",\"@id\":\"https:\/\/akbakimya.com.tr\/urun\/ultra-mavi-su-toilet-treatment-atik-tanki-kimyasali\/#primaryimage\",\"url\":\"https:\/\/akbakimya.com.tr\/wp-content\/uploads\/2023\/03\/AKBA-MAVI\u2560c-SU-U\u2560eRU\u2560eN-FOTO-1.jpg\",\"contentUrl\":\"https:\/\/akbakimya.com.tr\/wp-content\/uploads\/2023\/03\/AKBA-MAVI\u2560c-SU-U\u2560eRU\u2560eN-FOTO-1.jpg\",\"width\":1080,\"height\":1080},{\"@type\":\"BreadcrumbList\",\"@id\":\"https:\/\/akbakimya.com.tr\/urun\/ultra-mavi-su-toilet-treatment-atik-tanki-kimyasali\/#breadcrumb\",\"itemListElement\":[{\"@type\":\"ListItem\",\"position\":1,\"name\":\"Anasayfa\",\"item\":\"https:\/\/akbakimya.com.tr\/\"},{\"@type\":\"ListItem\",\"position\":2,\"name\":\"Ma\u011faza\",\"item\":\"https:\/\/akbakimya.com.tr\/shop\/\"},{\"@type\":\"ListItem\",\"position\":3,\"name\":\"AKBA Mavi Su ( At\u0131k Tank\u0131 Kimyasal\u0131)\"}]},{\"@type\":\"WebSite\",\"@id\":\"https:\/\/akbakimya.com.tr\/#website\",\"url\":\"https:\/\/akbakimya.com.tr\/\",\"name\":\"AKBA\",\"description\":\"Havac\u0131l\u0131k ve Kimya\",\"publisher\":{\"@id\":\"https:\/\/akbakimya.com.tr\/#organization\"},\"potentialAction\":[{\"@type\":\"SearchAction\",\"target\":{\"@type\":\"EntryPoint\",\"urlTemplate\":\"https:\/\/akbakimya.com.tr\/?s={search_term_string}\"},\"query-input\":{\"@type\":\"PropertyValueSpecification\",\"valueRequired\":true,\"valueName\":\"search_term_string\"}}],\"inLanguage\":\"en-US\"},{\"@type\":\"Organization\",\"@id\":\"https:\/\/akbakimya.com.tr\/#organization\",\"name\":\"AKBA\",\"url\":\"https:\/\/akbakimya.com.tr\/\",\"logo\":{\"@type\":\"ImageObject\",\"inLanguage\":\"en-US\",\"@id\":\"https:\/\/akbakimya.com.tr\/#\/schema\/logo\/image\/\",\"url\":\"https:\/\/akbakimya.com.tr\/wp-content\/uploads\/2021\/01\/cropped-logoyeni.png\",\"contentUrl\":\"https:\/\/akbakimya.com.tr\/wp-content\/uploads\/2021\/01\/cropped-logoyeni.png\",\"width\":180,\"height\":71,\"caption\":\"AKBA\"},\"image\":{\"@id\":\"https:\/\/akbakimya.com.tr\/#\/schema\/logo\/image\/\"}}]}<\/script>\n<!-- \/ Yoast SEO plugin. -->","yoast_head_json":{"title":"AKBA Mavi Su ( At\u0131k Tank\u0131 Kimyasal\u0131) - AKBA","robots":{"index":"index","follow":"follow","max-snippet":"max-snippet:-1","max-image-preview":"max-image-preview:large","max-video-preview":"max-video-preview:-1"},"canonical":"https:\/\/akbakimya.com.tr\/en\/product\/ultra-mavi-su-toilet-treatment-atik-tanki-kimyasali\/","og_locale":"en_US","og_type":"article","og_title":"AKBA Mavi Su ( At\u0131k Tank\u0131 Kimyasal\u0131) - AKBA","og_description":"PDF G\u00f6r\u00fcnt\u00fcle | Katalog G\u00f6r\u00fcnt\u00fcle","og_url":"https:\/\/akbakimya.com.tr\/en\/product\/ultra-mavi-su-toilet-treatment-atik-tanki-kimyasali\/","og_site_name":"AKBA","article_modified_time":"2026-01-06T06:09:14+00:00","og_image":[{"width":1080,"height":1080,"url":"https:\/\/akbakimya.com.tr\/wp-content\/uploads\/2023\/03\/AKBA-MAVI\u2560c-SU-U\u2560eRU\u2560eN-FOTO-1.jpg","type":"image\/jpeg"}],"twitter_card":"summary_large_image","schema":{"@context":"https:\/\/schema.org","@graph":[{"@type":"WebPage","@id":"https:\/\/akbakimya.com.tr\/urun\/ultra-mavi-su-toilet-treatment-atik-tanki-kimyasali\/","url":"https:\/\/akbakimya.com.tr\/urun\/ultra-mavi-su-toilet-treatment-atik-tanki-kimyasali\/","name":"AKBA Mavi Su ( At\u0131k Tank\u0131 Kimyasal\u0131) - AKBA","isPartOf":{"@id":"https:\/\/akbakimya.com.tr\/#website"},"primaryImageOfPage":{"@id":"https:\/\/akbakimya.com.tr\/urun\/ultra-mavi-su-toilet-treatment-atik-tanki-kimyasali\/#primaryimage"},"image":{"@id":"https:\/\/akbakimya.com.tr\/urun\/ultra-mavi-su-toilet-treatment-atik-tanki-kimyasali\/#primaryimage"},"thumbnailUrl":"https:\/\/akbakimya.com.tr\/wp-content\/uploads\/2023\/03\/AKBA-MAVI\u2560c-SU-U\u2560eRU\u2560eN-FOTO-1.jpg","datePublished":"2023-03-01T09:41:49+00:00","dateModified":"2026-01-06T06:09:14+00:00","breadcrumb":{"@id":"https:\/\/akbakimya.com.tr\/urun\/ultra-mavi-su-toilet-treatment-atik-tanki-kimyasali\/#breadcrumb"},"inLanguage":"en-US","potentialAction":[{"@type":"ReadAction","target":["https:\/\/akbakimya.com.tr\/urun\/ultra-mavi-su-toilet-treatment-atik-tanki-kimyasali\/"]}]},{"@type":"ImageObject","inLanguage":"en-US","@id":"https:\/\/akbakimya.com.tr\/urun\/ultra-mavi-su-toilet-treatment-atik-tanki-kimyasali\/#primaryimage","url":"https:\/\/akbakimya.com.tr\/wp-content\/uploads\/2023\/03\/AKBA-MAVI\u2560c-SU-U\u2560eRU\u2560eN-FOTO-1.jpg","contentUrl":"https:\/\/akbakimya.com.tr\/wp-content\/uploads\/2023\/03\/AKBA-MAVI\u2560c-SU-U\u2560eRU\u2560eN-FOTO-1.jpg","width":1080,"height":1080},{"@type":"BreadcrumbList","@id":"https:\/\/akbakimya.com.tr\/urun\/ultra-mavi-su-toilet-treatment-atik-tanki-kimyasali\/#breadcrumb","itemListElement":[{"@type":"ListItem","position":1,"name":"Anasayfa","item":"https:\/\/akbakimya.com.tr\/"},{"@type":"ListItem","position":2,"name":"Ma\u011faza","item":"https:\/\/akbakimya.com.tr\/shop\/"},{"@type":"ListItem","position":3,"name":"AKBA Mavi Su ( At\u0131k Tank\u0131 Kimyasal\u0131)"}]},{"@type":"WebSite","@id":"https:\/\/akbakimya.com.tr\/#website","url":"https:\/\/akbakimya.com.tr\/","name":"AKBA","description":"Havac\u0131l\u0131k ve Kimya","publisher":{"@id":"https:\/\/akbakimya.com.tr\/#organization"},"potentialAction":[{"@type":"SearchAction","target":{"@type":"EntryPoint","urlTemplate":"https:\/\/akbakimya.com.tr\/?s={search_term_string}"},"query-input":{"@type":"PropertyValueSpecification","valueRequired":true,"valueName":"search_term_string"}}],"inLanguage":"en-US"},{"@type":"Organization","@id":"https:\/\/akbakimya.com.tr\/#organization","name":"AKBA","url":"https:\/\/akbakimya.com.tr\/","logo":{"@type":"ImageObject","inLanguage":"en-US","@id":"https:\/\/akbakimya.com.tr\/#\/schema\/logo\/image\/","url":"https:\/\/akbakimya.com.tr\/wp-content\/uploads\/2021\/01\/cropped-logoyeni.png","contentUrl":"https:\/\/akbakimya.com.tr\/wp-content\/uploads\/2021\/01\/cropped-logoyeni.png","width":180,"height":71,"caption":"AKBA"},"image":{"@id":"https:\/\/akbakimya.com.tr\/#\/schema\/logo\/image\/"}}]}},"_links":{"self":[{"href":"https:\/\/akbakimya.com.tr\/en\/wp-json\/wp\/v2\/product\/25255","targetHints":{"allow":["GET"]}}],"collection":[{"href":"https:\/\/akbakimya.com.tr\/en\/wp-json\/wp\/v2\/product"}],"about":[{"href":"https:\/\/akbakimya.com.tr\/en\/wp-json\/wp\/v2\/types\/product"}],"replies":[{"embeddable":true,"href":"https:\/\/akbakimya.com.tr\/en\/wp-json\/wp\/v2\/comments?post=25255"}],"wp:featuredmedia":[{"embeddable":true,"href":"https:\/\/akbakimya.com.tr\/en\/wp-json\/wp\/v2\/media\/26020"}],"wp:attachment":[{"href":"https:\/\/akbakimya.com.tr\/en\/wp-json\/wp\/v2\/media?parent=25255"}],"wp:term":[{"taxonomy":"product_brand","embeddable":true,"href":"https:\/\/akbakimya.com.tr\/en\/wp-json\/wp\/v2\/product_brand?post=25255"},{"taxonomy":"product_cat","embeddable":true,"href":"https:\/\/akbakimya.com.tr\/en\/wp-json\/wp\/v2\/product_cat?post=25255"},{"taxonomy":"product_tag","embeddable":true,"href":"https:\/\/akbakimya.com.tr\/en\/wp-json\/wp\/v2\/product_tag?post=25255"}],"curies":[{"name":"wp","href":"https:\/\/api.w.org\/{rel}","templated":true}]}}