{"id":26534,"date":"2023-05-08T11:03:52","date_gmt":"2023-05-08T11:03:52","guid":{"rendered":"https:\/\/akbakimya.com.tr\/?page_id=26534"},"modified":"2023-05-08T11:06:08","modified_gmt":"2023-05-08T11:06:08","slug":"garanti-iade-ve-degisim","status":"publish","type":"page","link":"https:\/\/akbakimya.com.tr\/en\/garanti-iade-ve-degisim\/","title":{"rendered":"Warranty, Return and Exchange"},"content":{"rendered":"<p>Alm\u0131\u015f oldu\u011funuz \u00fcr\u00fcn\u00fc ambalaj\u0131n\u0131 tahrip etmeden, bozmadan, \u00fcr\u00fcn\u00fc kullanmadan teslim tarihinden itibaren yedi (14) g\u00fcnl\u00fck s\u00fcre i\u00e7inde ambalaj\u0131 a\u00e7\u0131lmam\u0131\u015f teslim ald\u0131\u011f\u0131n\u0131z \u015fekli ile ve bize ula\u015fmas\u0131 esnas\u0131nda zarar g\u00f6rmeyecek \u015fekilde paketleyerek iade edebilirsiniz. www.akbakimya.com.tr\u2019 den ald\u0131\u011f\u0131n\u0131z her \u00fcr\u00fcn, \u00fcretici firman\u0131n garantisi alt\u0131ndad\u0131r. Ambalaj\u0131 bozulmu\u015f, kullan\u0131lm\u0131\u015f, tahrip edilmi\u015f \u00fcr\u00fcnlerin iadesi kabul edilmemektedir. M\u00fc\u015fteri \u00fcr\u00fcn\u00fc, kendisine teslim edildi\u011fi andaki durumu ile geri vermekle y\u00fck\u00fcml\u00fcd\u00fcr. L\u00fctfen \u00fcr\u00fcn\u00fc, \u00fcr\u00fcn faturas\u0131 ile birlikte iade ediniz. \u0130ade ve talep formu olu\u015fturarak talebinizi a\u00e7\u0131k bir \u015fekilde yaz\u0131n\u0131z. De\u011fi\u015fim yap\u0131lacak \u00fcr\u00fcn kod, renk ve cinsi mutlaka yaz\u0131l\u0131 olarak ve a\u00e7\u0131k bir \u015fekilde belirtiniz. Ambalaj\u0131 a\u00e7\u0131lm\u0131\u015f \u00fcr\u00fcnlerin de\u011fi\u015fimi veya iadesi \u00fcretimden kaynaklanan problem olmamas\u0131 halinde m\u00fcmk\u00fcn de\u011fildir. \u0130ndirimli \u00fcr\u00fcnlerde de\u011fi\u015fim ve iade yap\u0131lmamaktad\u0131r.<\/p>\n<p>www.akbakimya.com.tr, \u00fcr\u00fcnde ve ambalaj\u0131nda herhangi bir a\u00e7\u0131lma, bozulma, tahrip, y\u0131rt\u0131lma, kullan\u0131lma vb. durumlar\u0131 tespit etti\u011fi hallerde ve \u00fcr\u00fcn\u00fcn m\u00fc\u015fteriye teslim edildi\u011fi andaki hali ile iade edilememesi halinde \u00fcr\u00fcn\u00fc iade almayacak ve bedelini iade etmeyecektir. Yukar\u0131daki \u015fartlara uygun oldu\u011funu d\u00fc\u015f\u00fcnd\u00fc\u011f\u00fcn\u00fcz iade ve de\u011fi\u015fimler i\u00e7in \u00fcr\u00fcn\/\u00fcr\u00fcnleri vakit kaybetmeden ileti\u015fim sayfam\u0131zda yer alan Merkez Ofise g\u00f6ndermeniz gerekmektedir.<\/p>\n<p>Al\u0131c\u0131 \u00f6demeli kargolar hi\u00e7bir \u015fekilde kabul edilmeyecektir. Yukar\u0131daki \u015fartlara uygun hallerde iade edilen \u00fcr\u00fcnlerin kargo \u00fccreti m\u00fc\u015fteri taraf\u0131ndan \u00f6denecektir. www.akbakimya.com.tr \u0130ade ve de\u011fi\u015fimlerden kaynaklanan kargo \u00fccretlerinden sorumlu de\u011fildir. Al\u0131c\u0131 \u00f6demeli kargolar hi\u00e7bir \u015fekilde kabul edilmeyecektir.<\/p>\n<p>Kargonuzu, www.akbakimya.com.tr ile anla\u015fmal\u0131 kargo firmalar\u0131 arac\u0131l\u0131\u011f\u0131 ile anla\u015fmal\u0131 fiyatlar \u00fczerinden g\u00f6ndermek i\u00e7in +90(212) 485 83 74 numaral\u0131 telefondan bizimle irtibata ge\u00e7ebilirsiniz. \u00dcr\u00fcnlerde \u00fcretimden do\u011fan hata veya kusur bulunmas\u0131, www.akbakimya.com.tr taraf\u0131ndan hatal\u0131 \u00fcr\u00fcn, hatal\u0131 renk ve cins g\u00f6nderimi gibi istenmeyen durumlar\u0131n olu\u015fmas\u0131 durumunda kargonuzu 1-3 i\u015f g\u00fcn\u00fc i\u00e7erisinde, www.akbakimya.com.tr ile anla\u015fmal\u0131 kargo firmas\u0131na teslim ederek bize g\u00f6nderebilirsiniz. \u00dcr\u00fcn \u015firketimize ula\u015ft\u0131\u011f\u0131nda de\u011ferlendirilmesi yap\u0131larak \u015fikayetiniz onayland\u0131\u011f\u0131 takdirde, iade ya da de\u011fi\u015fim esnas\u0131nda olu\u015fan t\u00fcm masraflar www.akbakimya.com.tr taraf\u0131ndan kar\u015f\u0131lanacakt\u0131r.<\/p>","protected":false},"excerpt":{"rendered":"<p>Alm\u0131\u015f oldu\u011funuz \u00fcr\u00fcn\u00fc ambalaj\u0131n\u0131 tahrip etmeden, bozmadan, \u00fcr\u00fcn\u00fc kullanmadan teslim tarihinden itibaren yedi (14) g\u00fcnl\u00fck s\u00fcre i\u00e7inde ambalaj\u0131 a\u00e7\u0131lmam\u0131\u015f teslim ald\u0131\u011f\u0131n\u0131z \u015fekli ile ve bize ula\u015fmas\u0131 esnas\u0131nda zarar g\u00f6rmeyecek \u015fekilde&hellip;<\/p>","protected":false},"author":1,"featured_media":0,"parent":0,"menu_order":0,"comment_status":"closed","ping_status":"closed","template":"","meta":{"footnotes":""},"class_list":["post-26534","page","type-page","status-publish","hentry"],"yoast_head":"<!-- This site is optimized with the Yoast SEO plugin v26.1.1 - https:\/\/yoast.com\/wordpress\/plugins\/seo\/ -->\n<title>Garanti, \u0130ade ve De\u011fi\u015fim - AKBA<\/title>\n<meta name=\"robots\" content=\"index, follow, max-snippet:-1, max-image-preview:large, max-video-preview:-1\" \/>\n<link rel=\"canonical\" href=\"https:\/\/akbakimya.com.tr\/en\/garanti-iade-ve-degisim\/\" \/>\n<meta property=\"og:locale\" content=\"en_US\" \/>\n<meta property=\"og:type\" content=\"article\" \/>\n<meta property=\"og:title\" content=\"Garanti, \u0130ade ve De\u011fi\u015fim - AKBA\" \/>\n<meta property=\"og:description\" content=\"Alm\u0131\u015f oldu\u011funuz \u00fcr\u00fcn\u00fc ambalaj\u0131n\u0131 tahrip etmeden, bozmadan, \u00fcr\u00fcn\u00fc kullanmadan teslim tarihinden itibaren yedi (14) g\u00fcnl\u00fck s\u00fcre i\u00e7inde ambalaj\u0131 a\u00e7\u0131lmam\u0131\u015f teslim ald\u0131\u011f\u0131n\u0131z \u015fekli ile ve bize ula\u015fmas\u0131 esnas\u0131nda zarar g\u00f6rmeyecek \u015fekilde&hellip;\" \/>\n<meta property=\"og:url\" content=\"https:\/\/akbakimya.com.tr\/en\/garanti-iade-ve-degisim\/\" \/>\n<meta property=\"og:site_name\" content=\"AKBA\" \/>\n<meta property=\"article:modified_time\" content=\"2023-05-08T11:06:08+00:00\" \/>\n<meta name=\"twitter:card\" content=\"summary_large_image\" \/>\n<meta name=\"twitter:label1\" content=\"Est. reading time\" \/>\n\t<meta name=\"twitter:data1\" content=\"2 minutes\" \/>\n<script type=\"application\/ld+json\" class=\"yoast-schema-graph\">{\"@context\":\"https:\/\/schema.org\",\"@graph\":[{\"@type\":\"WebPage\",\"@id\":\"https:\/\/akbakimya.com.tr\/garanti-iade-ve-degisim\/\",\"url\":\"https:\/\/akbakimya.com.tr\/garanti-iade-ve-degisim\/\",\"name\":\"Garanti, \u0130ade ve De\u011fi\u015fim - AKBA\",\"isPartOf\":{\"@id\":\"https:\/\/akbakimya.com.tr\/#website\"},\"datePublished\":\"2023-05-08T11:03:52+00:00\",\"dateModified\":\"2023-05-08T11:06:08+00:00\",\"breadcrumb\":{\"@id\":\"https:\/\/akbakimya.com.tr\/garanti-iade-ve-degisim\/#breadcrumb\"},\"inLanguage\":\"en-US\",\"potentialAction\":[{\"@type\":\"ReadAction\",\"target\":[\"https:\/\/akbakimya.com.tr\/garanti-iade-ve-degisim\/\"]}]},{\"@type\":\"BreadcrumbList\",\"@id\":\"https:\/\/akbakimya.com.tr\/garanti-iade-ve-degisim\/#breadcrumb\",\"itemListElement\":[{\"@type\":\"ListItem\",\"position\":1,\"name\":\"Anasayfa\",\"item\":\"https:\/\/akbakimya.com.tr\/\"},{\"@type\":\"ListItem\",\"position\":2,\"name\":\"Garanti, \u0130ade ve De\u011fi\u015fim\"}]},{\"@type\":\"WebSite\",\"@id\":\"https:\/\/akbakimya.com.tr\/#website\",\"url\":\"https:\/\/akbakimya.com.tr\/\",\"name\":\"AKBA\",\"description\":\"Havac\u0131l\u0131k ve Kimya\",\"publisher\":{\"@id\":\"https:\/\/akbakimya.com.tr\/#organization\"},\"potentialAction\":[{\"@type\":\"SearchAction\",\"target\":{\"@type\":\"EntryPoint\",\"urlTemplate\":\"https:\/\/akbakimya.com.tr\/?s={search_term_string}\"},\"query-input\":{\"@type\":\"PropertyValueSpecification\",\"valueRequired\":true,\"valueName\":\"search_term_string\"}}],\"inLanguage\":\"en-US\"},{\"@type\":\"Organization\",\"@id\":\"https:\/\/akbakimya.com.tr\/#organization\",\"name\":\"AKBA\",\"url\":\"https:\/\/akbakimya.com.tr\/\",\"logo\":{\"@type\":\"ImageObject\",\"inLanguage\":\"en-US\",\"@id\":\"https:\/\/akbakimya.com.tr\/#\/schema\/logo\/image\/\",\"url\":\"https:\/\/akbakimya.com.tr\/wp-content\/uploads\/2021\/01\/cropped-logoyeni.png\",\"contentUrl\":\"https:\/\/akbakimya.com.tr\/wp-content\/uploads\/2021\/01\/cropped-logoyeni.png\",\"width\":180,\"height\":71,\"caption\":\"AKBA\"},\"image\":{\"@id\":\"https:\/\/akbakimya.com.tr\/#\/schema\/logo\/image\/\"}}]}<\/script>\n<!-- \/ Yoast SEO plugin. -->","yoast_head_json":{"title":"Garanti, \u0130ade ve De\u011fi\u015fim - AKBA","robots":{"index":"index","follow":"follow","max-snippet":"max-snippet:-1","max-image-preview":"max-image-preview:large","max-video-preview":"max-video-preview:-1"},"canonical":"https:\/\/akbakimya.com.tr\/en\/garanti-iade-ve-degisim\/","og_locale":"en_US","og_type":"article","og_title":"Garanti, \u0130ade ve De\u011fi\u015fim - AKBA","og_description":"Alm\u0131\u015f oldu\u011funuz \u00fcr\u00fcn\u00fc ambalaj\u0131n\u0131 tahrip etmeden, bozmadan, \u00fcr\u00fcn\u00fc kullanmadan teslim tarihinden itibaren yedi (14) g\u00fcnl\u00fck s\u00fcre i\u00e7inde ambalaj\u0131 a\u00e7\u0131lmam\u0131\u015f teslim ald\u0131\u011f\u0131n\u0131z \u015fekli ile ve bize ula\u015fmas\u0131 esnas\u0131nda zarar g\u00f6rmeyecek \u015fekilde&hellip;","og_url":"https:\/\/akbakimya.com.tr\/en\/garanti-iade-ve-degisim\/","og_site_name":"AKBA","article_modified_time":"2023-05-08T11:06:08+00:00","twitter_card":"summary_large_image","twitter_misc":{"Est. reading time":"2 minutes"},"schema":{"@context":"https:\/\/schema.org","@graph":[{"@type":"WebPage","@id":"https:\/\/akbakimya.com.tr\/garanti-iade-ve-degisim\/","url":"https:\/\/akbakimya.com.tr\/garanti-iade-ve-degisim\/","name":"Garanti, \u0130ade ve De\u011fi\u015fim - AKBA","isPartOf":{"@id":"https:\/\/akbakimya.com.tr\/#website"},"datePublished":"2023-05-08T11:03:52+00:00","dateModified":"2023-05-08T11:06:08+00:00","breadcrumb":{"@id":"https:\/\/akbakimya.com.tr\/garanti-iade-ve-degisim\/#breadcrumb"},"inLanguage":"en-US","potentialAction":[{"@type":"ReadAction","target":["https:\/\/akbakimya.com.tr\/garanti-iade-ve-degisim\/"]}]},{"@type":"BreadcrumbList","@id":"https:\/\/akbakimya.com.tr\/garanti-iade-ve-degisim\/#breadcrumb","itemListElement":[{"@type":"ListItem","position":1,"name":"Anasayfa","item":"https:\/\/akbakimya.com.tr\/"},{"@type":"ListItem","position":2,"name":"Garanti, \u0130ade ve De\u011fi\u015fim"}]},{"@type":"WebSite","@id":"https:\/\/akbakimya.com.tr\/#website","url":"https:\/\/akbakimya.com.tr\/","name":"AKBA","description":"Havac\u0131l\u0131k ve Kimya","publisher":{"@id":"https:\/\/akbakimya.com.tr\/#organization"},"potentialAction":[{"@type":"SearchAction","target":{"@type":"EntryPoint","urlTemplate":"https:\/\/akbakimya.com.tr\/?s={search_term_string}"},"query-input":{"@type":"PropertyValueSpecification","valueRequired":true,"valueName":"search_term_string"}}],"inLanguage":"en-US"},{"@type":"Organization","@id":"https:\/\/akbakimya.com.tr\/#organization","name":"AKBA","url":"https:\/\/akbakimya.com.tr\/","logo":{"@type":"ImageObject","inLanguage":"en-US","@id":"https:\/\/akbakimya.com.tr\/#\/schema\/logo\/image\/","url":"https:\/\/akbakimya.com.tr\/wp-content\/uploads\/2021\/01\/cropped-logoyeni.png","contentUrl":"https:\/\/akbakimya.com.tr\/wp-content\/uploads\/2021\/01\/cropped-logoyeni.png","width":180,"height":71,"caption":"AKBA"},"image":{"@id":"https:\/\/akbakimya.com.tr\/#\/schema\/logo\/image\/"}}]}},"_links":{"self":[{"href":"https:\/\/akbakimya.com.tr\/en\/wp-json\/wp\/v2\/pages\/26534","targetHints":{"allow":["GET"]}}],"collection":[{"href":"https:\/\/akbakimya.com.tr\/en\/wp-json\/wp\/v2\/pages"}],"about":[{"href":"https:\/\/akbakimya.com.tr\/en\/wp-json\/wp\/v2\/types\/page"}],"author":[{"embeddable":true,"href":"https:\/\/akbakimya.com.tr\/en\/wp-json\/wp\/v2\/users\/1"}],"replies":[{"embeddable":true,"href":"https:\/\/akbakimya.com.tr\/en\/wp-json\/wp\/v2\/comments?post=26534"}],"version-history":[{"count":1,"href":"https:\/\/akbakimya.com.tr\/en\/wp-json\/wp\/v2\/pages\/26534\/revisions"}],"predecessor-version":[{"id":26535,"href":"https:\/\/akbakimya.com.tr\/en\/wp-json\/wp\/v2\/pages\/26534\/revisions\/26535"}],"wp:attachment":[{"href":"https:\/\/akbakimya.com.tr\/en\/wp-json\/wp\/v2\/media?parent=26534"}],"curies":[{"name":"wp","href":"https:\/\/api.w.org\/{rel}","templated":true}]}}