{"id":26530,"date":"2023-05-08T10:39:56","date_gmt":"2023-05-08T10:39:56","guid":{"rendered":"https:\/\/akbakimya.com.tr\/?page_id=26530"},"modified":"2023-05-08T10:42:46","modified_gmt":"2023-05-08T10:42:46","slug":"gizlilik-politikasi","status":"publish","type":"page","link":"https:\/\/akbakimya.com.tr\/en\/gizlilik-politikasi\/","title":{"rendered":"Privacy Policy"},"content":{"rendered":"<p>M\u00fc\u015fteri G\u00fcvenli\u011fi <\/p>\n<p>Akba Kimya&#8217;n\u0131n amac\u0131, ziyaret\u00e7ilerine rahat ve g\u00fcvenli bir al\u0131\u015fveri\u015f sa\u011flamaktad\u0131r. M\u00fc\u015fteri g\u00fcvenli\u011fi i\u00e7in, internet sitesi kullan\u0131lmadan \u00f6nce protokoller okunmas\u0131 gereklidir.<\/p>\n<p>Akba Kimya taraf\u0131ndan kurulan ve i\u015fletilen Akba Kimya, \u2018\u2019www.akbakimya.com.tr web sitesinin (Akba Kimya) kullan\u0131c\u0131lar\u0131ndan toplanan bilgileri kullan\u0131r ve koruma alt\u0131na al\u0131r. Bu gizlilik protokol\u00fc, Akba Kimya taraf\u0131ndan sunulan t\u00fcm \u00fcr\u00fcn ve hizmetler i\u00e7in ge\u00e7erlidir.<\/p>\n<p>Ki\u015fisel verilerin i\u015flenmesi ve korunmas\u0131<\/p>\n<p>KVK Kanunu uyar\u0131nca, ki\u015fisel verileriniz, veri sorumlusu olarak \u015eirketimiz taraf\u0131ndan a\u00e7\u0131klanan kapsamda i\u015flenebilecektir. Kullan\u0131c\u0131lar sitemiz ile etkile\u015fime girdiklerinde ki\u015fisel bilgiler (isim, ya\u015f, e-posta, telefon numaras\u0131 vb.) istenmektedir. Daha iyi hizmet sa\u011flayabilmek i\u00e7in internet sitesi (\u2018\u2019www.akbakimya.com.tr\u2019) \u00fczerinden sitemizi ziyaret ettiklerinde, siteye kaydolduklar\u0131nda, sipari\u015f verdiklerinde kullan\u0131c\u0131 ki\u015fisel bilgileri \u00fc\u00e7\u00fcnc\u00fc \u015fah\u0131slar ile payla\u015f\u0131lmamaktad\u0131r. T\u00fcm ki\u015fisel bilgiler taraf\u0131m\u0131zca saklanacakt\u0131r.<\/p>\n<p>\u00d6deme bilgileri<\/p>\n<p>\u0130nternet sitesi \u00fczerinde sipari\u015f verilmek istenen t\u00fcm \u00fcr\u00fcn ve hizmetler de \u00f6deme sayfas\u0131 \u00e7\u0131kmaktad\u0131r. \u00d6deme sayfas\u0131nda kredi kart\u0131\/banka kart\u0131 bilgileri istenmektedir. Kredi kart\u0131\/banka kart\u0131 bilgileri \u00fc\u00e7\u00fcnc\u00fc \u015fah\u0131slar ile payla\u015f\u0131lmaz ve kay\u0131t alt\u0131na al\u0131nmaz. \u00d6demeye y\u00f6nelik t\u00fcm i\u015flemlerin  2048 bit SSL g\u00fcvenlik protokol\u00fc sayesinde sitemize verdi\u011finiz kredi kart\u0131 bilgileriniz \u015fifrelenerek bankaya g\u00f6nderilir ve bu i\u015flem s\u0131ras\u0131nda bu bilgilere ula\u015f\u0131lmas\u0131 m\u00fcmk\u00fcn de\u011fildir.<\/p>\n<p>Mesafeli sat\u0131\u015f s\u00f6zle\u015fmesi <\/p>\n<p>T\u00fcm tasar\u0131mlar\u0131m\u0131z bize ait ve tescillidir. \u0130zinsiz kullan\u0131lamaz. \u0130zinsiz herhangi bir kullan\u0131m halinde yasal haklar kullan\u0131lacakt\u0131r. Gizlilik protokol\u00fcn\u00fc d\u00fczenli aral\u0131klarla g\u00f6zden ge\u00e7irmenin ve de\u011fi\u015fikliklerden haberdar olman\u0131n sizin sorumlulu\u011funuz oldu\u011funu kabul etmektesiniz. \u2018\u2019www.akbakimya.com.tr \u2019\u2019 internet sitesinde s\u00f6zle\u015fme konusu \u00fcr\u00fcn\u00fcn temel nitelikleri, sat\u0131\u015f fiyat\u0131 ve \u00f6deme \u015fekli ile teslimata ili\u015fkin \u00f6n bilgileri okuyup bilgi sahibi oldu\u011funu ve elektronik ortamda gerekli teyidi verdi\u011fini beyan eder. Al\u0131c\u0131, \u00f6n bilgilendirmeyi elektronik ortamda teyit etmektedir.<\/p>\n<p>\u00c7erezler<\/p>\n<p>Akba Kimya web sitemiz \u2018\u2019www.akbakimya.com.tr\u2019\u2019 kullan\u0131c\u0131 deneyimini geli\u015ftirmek i\u00e7in \u2018\u2019\u00e7erezler\u2019\u2019 kullan\u0131lmaktad\u0131r. \u00c7erez, bilgisayar\u0131n\u0131z\u0131n sabit diskine yerle\u015ftirilmek i\u00e7in izin isteyen k\u00fc\u00e7\u00fck bir dosyad\u0131r. Kabul etti\u011finizde dosya eklenir ve \u00e7erez web trafi\u011fini analiz etmeye yard\u0131mc\u0131 olur veya belirli bir siteyi ziyaret etti\u011finizde size haber verir. \u00c7erezler, kullan\u0131c\u0131 sorunsuz bir \u015fekilde kullanmas\u0131na yard\u0131mc\u0131 olmaktad\u0131r. Kullan\u0131c\u0131, web taray\u0131c\u0131s\u0131 i\u00e7erisindeki \u00e7erezleri reddetmek \u00fczere ayarlamay\u0131 se\u00e7ebilir. Kullan\u0131c\u0131, \u00e7erezleri reddetmek isterse e\u011fer sitenin baz\u0131 k\u0131s\u0131mlar\u0131n\u0131n d\u00fczg\u00fcn \u00e7al\u0131\u015fmayaca\u011f\u0131n\u0131 unutmamal\u0131d\u0131r.<\/p>\n<p>De\u011fi\u015fim&#038;\u0130ade<\/p>\n<p>De\u011fi\u015fim veya iade edilecek \u00fcr\u00fcn\/\u00fcr\u00fcnlerde herhangi bir hasar g\u00f6rmemi\u015f, kullan\u0131lmam\u0131\u015f olmas\u0131 gerekmektedir. Hasar g\u00f6rm\u00fc\u015f ve kullan\u0131lm\u0131\u015f \u00fcr\u00fcn\/\u00fcr\u00fcnlerde de\u011fi\u015fim veya iade sa\u011flanmamaktad\u0131r. De\u011fi\u015fim veya iade etmek istedi\u011finiz \u00fcr\u00fcn\/\u00fcr\u00fcnleri orijinal kutusu ve faturas\u0131 ile bize ula\u015ft\u0131rman\u0131z yeterli olacakt\u0131r.<\/p>\n<p>Bizimle ileti\u015fime ge\u00e7mek i\u00e7in;<\/p>\n<p>Site ziyaret\u00e7ilerimiz\/M\u00fc\u015fterilerimiz\/\u00dcyelerimiz her t\u00fcrl\u00fc talep, \u00f6neri ve \u015fikayetlerini ileti\u015fim kanallar\u0131m\u0131z bize ula\u015ft\u0131rabilir. info@akbakimya.com.tr adresi \u00fczerinden bizimle ileti\u015fim kurabilirsiniz.<\/p>\n<p>Adres: \u0130K\u0130TELL\u0130 OSB MAH. \u00c7ORAP\u00c7ILAR H BLOK SK. H BLOK NO:11 BA\u015eAK\u015eEH\u0130R\/ \u0130STANBUL Telefon: +90(212) 485 83 74<\/p>","protected":false},"excerpt":{"rendered":"<p>M\u00fc\u015fteri G\u00fcvenli\u011fi Akba Kimya&#8217;n\u0131n amac\u0131, ziyaret\u00e7ilerine rahat ve g\u00fcvenli bir al\u0131\u015fveri\u015f sa\u011flamaktad\u0131r. M\u00fc\u015fteri g\u00fcvenli\u011fi i\u00e7in, internet sitesi kullan\u0131lmadan \u00f6nce protokoller okunmas\u0131 gereklidir. Akba Kimya taraf\u0131ndan kurulan ve i\u015fletilen Akba Kimya,&hellip;<\/p>","protected":false},"author":1,"featured_media":0,"parent":0,"menu_order":0,"comment_status":"closed","ping_status":"closed","template":"","meta":{"footnotes":""},"class_list":["post-26530","page","type-page","status-publish","hentry"],"yoast_head":"<!-- This site is optimized with the Yoast SEO plugin v26.1.1 - https:\/\/yoast.com\/wordpress\/plugins\/seo\/ -->\n<title>Gizlilik Politikas\u0131 - AKBA<\/title>\n<meta name=\"robots\" content=\"index, follow, max-snippet:-1, max-image-preview:large, max-video-preview:-1\" \/>\n<link rel=\"canonical\" href=\"https:\/\/akbakimya.com.tr\/en\/gizlilik-politikasi\/\" \/>\n<meta property=\"og:locale\" content=\"en_US\" \/>\n<meta property=\"og:type\" content=\"article\" \/>\n<meta property=\"og:title\" content=\"Gizlilik Politikas\u0131 - AKBA\" \/>\n<meta property=\"og:description\" content=\"M\u00fc\u015fteri G\u00fcvenli\u011fi Akba Kimya&#8217;n\u0131n amac\u0131, ziyaret\u00e7ilerine rahat ve g\u00fcvenli bir al\u0131\u015fveri\u015f sa\u011flamaktad\u0131r. M\u00fc\u015fteri g\u00fcvenli\u011fi i\u00e7in, internet sitesi kullan\u0131lmadan \u00f6nce protokoller okunmas\u0131 gereklidir. Akba Kimya taraf\u0131ndan kurulan ve i\u015fletilen Akba Kimya,&hellip;\" \/>\n<meta property=\"og:url\" content=\"https:\/\/akbakimya.com.tr\/en\/gizlilik-politikasi\/\" \/>\n<meta property=\"og:site_name\" content=\"AKBA\" \/>\n<meta property=\"article:modified_time\" content=\"2023-05-08T10:42:46+00:00\" \/>\n<meta name=\"twitter:card\" content=\"summary_large_image\" \/>\n<meta name=\"twitter:label1\" content=\"Est. reading time\" \/>\n\t<meta name=\"twitter:data1\" content=\"3 minutes\" \/>\n<script type=\"application\/ld+json\" class=\"yoast-schema-graph\">{\"@context\":\"https:\/\/schema.org\",\"@graph\":[{\"@type\":\"WebPage\",\"@id\":\"https:\/\/akbakimya.com.tr\/gizlilik-politikasi\/\",\"url\":\"https:\/\/akbakimya.com.tr\/gizlilik-politikasi\/\",\"name\":\"Gizlilik Politikas\u0131 - AKBA\",\"isPartOf\":{\"@id\":\"https:\/\/akbakimya.com.tr\/#website\"},\"datePublished\":\"2023-05-08T10:39:56+00:00\",\"dateModified\":\"2023-05-08T10:42:46+00:00\",\"breadcrumb\":{\"@id\":\"https:\/\/akbakimya.com.tr\/gizlilik-politikasi\/#breadcrumb\"},\"inLanguage\":\"en-US\",\"potentialAction\":[{\"@type\":\"ReadAction\",\"target\":[\"https:\/\/akbakimya.com.tr\/gizlilik-politikasi\/\"]}]},{\"@type\":\"BreadcrumbList\",\"@id\":\"https:\/\/akbakimya.com.tr\/gizlilik-politikasi\/#breadcrumb\",\"itemListElement\":[{\"@type\":\"ListItem\",\"position\":1,\"name\":\"Anasayfa\",\"item\":\"https:\/\/akbakimya.com.tr\/\"},{\"@type\":\"ListItem\",\"position\":2,\"name\":\"Gizlilik Politikas\u0131\"}]},{\"@type\":\"WebSite\",\"@id\":\"https:\/\/akbakimya.com.tr\/#website\",\"url\":\"https:\/\/akbakimya.com.tr\/\",\"name\":\"AKBA\",\"description\":\"Havac\u0131l\u0131k ve Kimya\",\"publisher\":{\"@id\":\"https:\/\/akbakimya.com.tr\/#organization\"},\"potentialAction\":[{\"@type\":\"SearchAction\",\"target\":{\"@type\":\"EntryPoint\",\"urlTemplate\":\"https:\/\/akbakimya.com.tr\/?s={search_term_string}\"},\"query-input\":{\"@type\":\"PropertyValueSpecification\",\"valueRequired\":true,\"valueName\":\"search_term_string\"}}],\"inLanguage\":\"en-US\"},{\"@type\":\"Organization\",\"@id\":\"https:\/\/akbakimya.com.tr\/#organization\",\"name\":\"AKBA\",\"url\":\"https:\/\/akbakimya.com.tr\/\",\"logo\":{\"@type\":\"ImageObject\",\"inLanguage\":\"en-US\",\"@id\":\"https:\/\/akbakimya.com.tr\/#\/schema\/logo\/image\/\",\"url\":\"https:\/\/akbakimya.com.tr\/wp-content\/uploads\/2021\/01\/cropped-logoyeni.png\",\"contentUrl\":\"https:\/\/akbakimya.com.tr\/wp-content\/uploads\/2021\/01\/cropped-logoyeni.png\",\"width\":180,\"height\":71,\"caption\":\"AKBA\"},\"image\":{\"@id\":\"https:\/\/akbakimya.com.tr\/#\/schema\/logo\/image\/\"}}]}<\/script>\n<!-- \/ Yoast SEO plugin. -->","yoast_head_json":{"title":"Gizlilik Politikas\u0131 - AKBA","robots":{"index":"index","follow":"follow","max-snippet":"max-snippet:-1","max-image-preview":"max-image-preview:large","max-video-preview":"max-video-preview:-1"},"canonical":"https:\/\/akbakimya.com.tr\/en\/gizlilik-politikasi\/","og_locale":"en_US","og_type":"article","og_title":"Gizlilik Politikas\u0131 - AKBA","og_description":"M\u00fc\u015fteri G\u00fcvenli\u011fi Akba Kimya&#8217;n\u0131n amac\u0131, ziyaret\u00e7ilerine rahat ve g\u00fcvenli bir al\u0131\u015fveri\u015f sa\u011flamaktad\u0131r. M\u00fc\u015fteri g\u00fcvenli\u011fi i\u00e7in, internet sitesi kullan\u0131lmadan \u00f6nce protokoller okunmas\u0131 gereklidir. Akba Kimya taraf\u0131ndan kurulan ve i\u015fletilen Akba Kimya,&hellip;","og_url":"https:\/\/akbakimya.com.tr\/en\/gizlilik-politikasi\/","og_site_name":"AKBA","article_modified_time":"2023-05-08T10:42:46+00:00","twitter_card":"summary_large_image","twitter_misc":{"Est. reading time":"3 minutes"},"schema":{"@context":"https:\/\/schema.org","@graph":[{"@type":"WebPage","@id":"https:\/\/akbakimya.com.tr\/gizlilik-politikasi\/","url":"https:\/\/akbakimya.com.tr\/gizlilik-politikasi\/","name":"Gizlilik Politikas\u0131 - AKBA","isPartOf":{"@id":"https:\/\/akbakimya.com.tr\/#website"},"datePublished":"2023-05-08T10:39:56+00:00","dateModified":"2023-05-08T10:42:46+00:00","breadcrumb":{"@id":"https:\/\/akbakimya.com.tr\/gizlilik-politikasi\/#breadcrumb"},"inLanguage":"en-US","potentialAction":[{"@type":"ReadAction","target":["https:\/\/akbakimya.com.tr\/gizlilik-politikasi\/"]}]},{"@type":"BreadcrumbList","@id":"https:\/\/akbakimya.com.tr\/gizlilik-politikasi\/#breadcrumb","itemListElement":[{"@type":"ListItem","position":1,"name":"Anasayfa","item":"https:\/\/akbakimya.com.tr\/"},{"@type":"ListItem","position":2,"name":"Gizlilik Politikas\u0131"}]},{"@type":"WebSite","@id":"https:\/\/akbakimya.com.tr\/#website","url":"https:\/\/akbakimya.com.tr\/","name":"AKBA","description":"Havac\u0131l\u0131k ve Kimya","publisher":{"@id":"https:\/\/akbakimya.com.tr\/#organization"},"potentialAction":[{"@type":"SearchAction","target":{"@type":"EntryPoint","urlTemplate":"https:\/\/akbakimya.com.tr\/?s={search_term_string}"},"query-input":{"@type":"PropertyValueSpecification","valueRequired":true,"valueName":"search_term_string"}}],"inLanguage":"en-US"},{"@type":"Organization","@id":"https:\/\/akbakimya.com.tr\/#organization","name":"AKBA","url":"https:\/\/akbakimya.com.tr\/","logo":{"@type":"ImageObject","inLanguage":"en-US","@id":"https:\/\/akbakimya.com.tr\/#\/schema\/logo\/image\/","url":"https:\/\/akbakimya.com.tr\/wp-content\/uploads\/2021\/01\/cropped-logoyeni.png","contentUrl":"https:\/\/akbakimya.com.tr\/wp-content\/uploads\/2021\/01\/cropped-logoyeni.png","width":180,"height":71,"caption":"AKBA"},"image":{"@id":"https:\/\/akbakimya.com.tr\/#\/schema\/logo\/image\/"}}]}},"_links":{"self":[{"href":"https:\/\/akbakimya.com.tr\/en\/wp-json\/wp\/v2\/pages\/26530","targetHints":{"allow":["GET"]}}],"collection":[{"href":"https:\/\/akbakimya.com.tr\/en\/wp-json\/wp\/v2\/pages"}],"about":[{"href":"https:\/\/akbakimya.com.tr\/en\/wp-json\/wp\/v2\/types\/page"}],"author":[{"embeddable":true,"href":"https:\/\/akbakimya.com.tr\/en\/wp-json\/wp\/v2\/users\/1"}],"replies":[{"embeddable":true,"href":"https:\/\/akbakimya.com.tr\/en\/wp-json\/wp\/v2\/comments?post=26530"}],"version-history":[{"count":1,"href":"https:\/\/akbakimya.com.tr\/en\/wp-json\/wp\/v2\/pages\/26530\/revisions"}],"predecessor-version":[{"id":26531,"href":"https:\/\/akbakimya.com.tr\/en\/wp-json\/wp\/v2\/pages\/26530\/revisions\/26531"}],"wp:attachment":[{"href":"https:\/\/akbakimya.com.tr\/en\/wp-json\/wp\/v2\/media?parent=26530"}],"curies":[{"name":"wp","href":"https:\/\/api.w.org\/{rel}","templated":true}]}}